{"id":861,"date":"2025-06-06T20:12:45","date_gmt":"2025-06-06T20:12:45","guid":{"rendered":"https:\/\/assistenciascanneremsp.com.br\/novo\/impressoras\/?page_id=861"},"modified":"2026-03-15T09:42:27","modified_gmt":"2026-03-15T09:42:27","slug":"como-entrar-em-contato-com-a-assistencia-tecnica-de-informatica","status":"publish","type":"page","link":"https:\/\/assistenciatecnicaemsp.com.br\/novointer\/como-entrar-em-contato-com-a-assistencia-tecnica-de-informatica\/","title":{"rendered":"Como entrar em contato com a Assist\u00eancia T\u00e9cnica de Informatica"},"content":{"rendered":"\t\t<div data-elementor-type=\"wp-page\" data-elementor-id=\"861\" class=\"elementor elementor-861\" data-elementor-post-type=\"page\">\n\t\t\t\t<div class=\"elementor-element elementor-element-6af31bd8 e-con-full e-flex e-con e-parent\" data-id=\"6af31bd8\" data-element_type=\"container\" data-e-type=\"container\" data-settings=\"{&quot;background_background&quot;:&quot;classic&quot;,&quot;shape_divider_bottom&quot;:&quot;mountains&quot;}\">\n\t\t\t\t<div class=\"elementor-shape elementor-shape-bottom\" aria-hidden=\"true\" data-negative=\"false\">\n\t\t\t<svg xmlns=\"http:\/\/www.w3.org\/2000\/svg\" viewBox=\"0 0 1000 100\" preserveAspectRatio=\"none\">\n\t<path class=\"elementor-shape-fill\" opacity=\"0.33\" d=\"M473,67.3c-203.9,88.3-263.1-34-320.3,0C66,119.1,0,59.7,0,59.7V0h1000v59.7 c0,0-62.1,26.1-94.9,29.3c-32.8,3.3-62.8-12.3-75.8-22.1C806,49.6,745.3,8.7,694.9,4.7S492.4,59,473,67.3z\"\/>\n\t<path class=\"elementor-shape-fill\" opacity=\"0.66\" d=\"M734,67.3c-45.5,0-77.2-23.2-129.1-39.1c-28.6-8.7-150.3-10.1-254,39.1 s-91.7-34.4-149.2,0C115.7,118.3,0,39.8,0,39.8V0h1000v36.5c0,0-28.2-18.5-92.1-18.5C810.2,18.1,775.7,67.3,734,67.3z\"\/>\n\t<path class=\"elementor-shape-fill\" d=\"M766.1,28.9c-200-57.5-266,65.5-395.1,19.5C242,1.8,242,5.4,184.8,20.6C128,35.8,132.3,44.9,89.9,52.5C28.6,63.7,0,0,0,0 h1000c0,0-9.9,40.9-83.6,48.1S829.6,47,766.1,28.9z\"\/>\n<\/svg>\t\t<\/div>\n\t\t<div class=\"elementor-element elementor-element-b1c92ed e-con-full e-flex e-con e-child\" data-id=\"b1c92ed\" data-element_type=\"container\" data-e-type=\"container\">\n\t\t\t\t<div class=\"elementor-element elementor-element-fc0ac1a elementor-widget-mobile__width-initial elementor-widget elementor-widget-heading\" data-id=\"fc0ac1a\" data-element_type=\"widget\" data-e-type=\"widget\" data-widget_type=\"heading.default\">\n\t\t\t\t<div class=\"elementor-widget-container\">\n\t\t\t\t\t<h2 class=\"elementor-heading-title elementor-size-default\">Selecione abaixo a op\u00e7\u00e3o de contato desejada e envie-nos sua mensagem.<\/h2>\t\t\t\t<\/div>\n\t\t\t\t<\/div>\n\t\t\t\t<div class=\"elementor-element elementor-element-4ffd2fd8 elementor-widget elementor-widget-heading\" data-id=\"4ffd2fd8\" data-element_type=\"widget\" data-e-type=\"widget\" data-widget_type=\"heading.default\">\n\t\t\t\t<div class=\"elementor-widget-container\">\n\t\t\t\t\t<h2 class=\"elementor-heading-title elementor-size-default\">Temos satisfa\u00e7\u00e3o em atend\u00ea-los.<\/h2>\t\t\t\t<\/div>\n\t\t\t\t<\/div>\n\t\t\t\t<\/div>\n\t\t\t\t<\/div>\n\t\t<div class=\"elementor-element elementor-element-1a86918f e-con-full e-flex e-con e-parent\" data-id=\"1a86918f\" data-element_type=\"container\" data-e-type=\"container\" data-settings=\"{&quot;background_background&quot;:&quot;gradient&quot;,&quot;shape_divider_top&quot;:&quot;mountains&quot;}\">\n\t\t\t\t<div class=\"elementor-shape elementor-shape-top\" aria-hidden=\"true\" data-negative=\"false\">\n\t\t\t<svg xmlns=\"http:\/\/www.w3.org\/2000\/svg\" viewBox=\"0 0 1000 100\" preserveAspectRatio=\"none\">\n\t<path class=\"elementor-shape-fill\" opacity=\"0.33\" d=\"M473,67.3c-203.9,88.3-263.1-34-320.3,0C66,119.1,0,59.7,0,59.7V0h1000v59.7 c0,0-62.1,26.1-94.9,29.3c-32.8,3.3-62.8-12.3-75.8-22.1C806,49.6,745.3,8.7,694.9,4.7S492.4,59,473,67.3z\"\/>\n\t<path class=\"elementor-shape-fill\" opacity=\"0.66\" d=\"M734,67.3c-45.5,0-77.2-23.2-129.1-39.1c-28.6-8.7-150.3-10.1-254,39.1 s-91.7-34.4-149.2,0C115.7,118.3,0,39.8,0,39.8V0h1000v36.5c0,0-28.2-18.5-92.1-18.5C810.2,18.1,775.7,67.3,734,67.3z\"\/>\n\t<path class=\"elementor-shape-fill\" d=\"M766.1,28.9c-200-57.5-266,65.5-395.1,19.5C242,1.8,242,5.4,184.8,20.6C128,35.8,132.3,44.9,89.9,52.5C28.6,63.7,0,0,0,0 h1000c0,0-9.9,40.9-83.6,48.1S829.6,47,766.1,28.9z\"\/>\n<\/svg>\t\t<\/div>\n\t\t<div class=\"elementor-element elementor-element-5e3fbeab e-con-full e-flex e-con e-child\" data-id=\"5e3fbeab\" data-element_type=\"container\" data-e-type=\"container\">\n\t\t<div class=\"elementor-element elementor-element-6d93672 e-con-full e-flex e-con e-child\" data-id=\"6d93672\" data-element_type=\"container\" data-e-type=\"container\">\n\t\t\t\t<div class=\"elementor-element elementor-element-3405ae82 elementor-position-inline-start elementor-widget__width-initial elementor-view-default elementor-mobile-position-block-start elementor-widget elementor-widget-icon-box\" data-id=\"3405ae82\" data-element_type=\"widget\" data-e-type=\"widget\" data-widget_type=\"icon-box.default\">\n\t\t\t\t<div class=\"elementor-widget-container\">\n\t\t\t\t\t\t\t<div class=\"elementor-icon-box-wrapper\">\n\n\t\t\t\t\t\t<div class=\"elementor-icon-box-icon\">\n\t\t\t\t<span  class=\"elementor-icon\">\n\t\t\t\t<svg aria-hidden=\"true\" class=\"e-font-icon-svg e-fas-building\" viewBox=\"0 0 448 512\" xmlns=\"http:\/\/www.w3.org\/2000\/svg\"><path d=\"M436 480h-20V24c0-13.255-10.745-24-24-24H56C42.745 0 32 10.745 32 24v456H12c-6.627 0-12 5.373-12 12v20h448v-20c0-6.627-5.373-12-12-12zM128 76c0-6.627 5.373-12 12-12h40c6.627 0 12 5.373 12 12v40c0 6.627-5.373 12-12 12h-40c-6.627 0-12-5.373-12-12V76zm0 96c0-6.627 5.373-12 12-12h40c6.627 0 12 5.373 12 12v40c0 6.627-5.373 12-12 12h-40c-6.627 0-12-5.373-12-12v-40zm52 148h-40c-6.627 0-12-5.373-12-12v-40c0-6.627 5.373-12 12-12h40c6.627 0 12 5.373 12 12v40c0 6.627-5.373 12-12 12zm76 160h-64v-84c0-6.627 5.373-12 12-12h40c6.627 0 12 5.373 12 12v84zm64-172c0 6.627-5.373 12-12 12h-40c-6.627 0-12-5.373-12-12v-40c0-6.627 5.373-12 12-12h40c6.627 0 12 5.373 12 12v40zm0-96c0 6.627-5.373 12-12 12h-40c-6.627 0-12-5.373-12-12v-40c0-6.627 5.373-12 12-12h40c6.627 0 12 5.373 12 12v40zm0-96c0 6.627-5.373 12-12 12h-40c-6.627 0-12-5.373-12-12V76c0-6.627 5.373-12 12-12h40c6.627 0 12 5.373 12 12v40z\"><\/path><\/svg>\t\t\t\t<\/span>\n\t\t\t<\/div>\n\t\t\t\n\t\t\t\t\t\t<div class=\"elementor-icon-box-content\">\n\n\t\t\t\t\t\t\t\t\t<h3 class=\"elementor-icon-box-title\">\n\t\t\t\t\t\t<span  >\n\t\t\t\t\t\t\tAdministra\u00e7\u00e3o\t\t\t\t\t\t<\/span>\n\t\t\t\t\t<\/h3>\n\t\t\t\t\n\t\t\t\t\t\t\t\t\t<p class=\"elementor-icon-box-description\">\n\t\t\t\t\t\tOr\u00e7amento | Manuten\u00e7\u00e3o | Financeiro | Recrutamento\t\t\t\t\t<\/p>\n\t\t\t\t\n\t\t\t<\/div>\n\t\t\t\n\t\t<\/div>\n\t\t\t\t\t\t<\/div>\n\t\t\t\t<\/div>\n\t\t\t\t<div class=\"elementor-element elementor-element-32213b26 elementor-widget__width-initial elementor-button-align-stretch elementor-widget elementor-widget-form\" data-id=\"32213b26\" data-element_type=\"widget\" data-e-type=\"widget\" data-settings=\"{&quot;step_next_label&quot;:&quot;Next&quot;,&quot;step_previous_label&quot;:&quot;Previous&quot;,&quot;button_width&quot;:&quot;100&quot;,&quot;step_type&quot;:&quot;number_text&quot;,&quot;step_icon_shape&quot;:&quot;circle&quot;}\" data-widget_type=\"form.default\">\n\t\t\t\t<div class=\"elementor-widget-container\">\n\t\t\t\t\t\t\t<form class=\"elementor-form\" method=\"post\" name=\"Form Contato Intercompnet Games\" aria-label=\"Form Contato Intercompnet Games\">\n\t\t\t<input type=\"hidden\" name=\"post_id\" value=\"861\"\/>\n\t\t\t<input type=\"hidden\" name=\"form_id\" value=\"32213b26\"\/>\n\t\t\t<input type=\"hidden\" name=\"referer_title\" value=\"Como entrar em contato com a Assist\u00eancia T\u00e9cnica de Informatica\" \/>\n\n\t\t\t\t\t\t\t<input type=\"hidden\" name=\"queried_id\" value=\"861\"\/>\n\t\t\t\n\t\t\t<div class=\"elementor-form-fields-wrapper elementor-labels-above\">\n\t\t\t\t\t\t\t\t<div class=\"elementor-field-type-text elementor-field-group elementor-column elementor-field-group-name elementor-col-100\">\n\t\t\t\t\t\t\t\t\t\t\t\t\t<input size=\"1\" type=\"text\" name=\"form_fields[name]\" id=\"form-field-name\" class=\"elementor-field elementor-size-md  elementor-field-textual\" placeholder=\"Nome\">\n\t\t\t\t\t\t\t\t\t\t\t<\/div>\n\t\t\t\t\t\t\t\t<div class=\"elementor-field-type-email elementor-field-group elementor-column elementor-field-group-email elementor-col-100 elementor-field-required\">\n\t\t\t\t\t\t\t\t\t\t\t\t\t<input size=\"1\" type=\"email\" name=\"form_fields[email]\" id=\"form-field-email\" class=\"elementor-field elementor-size-md  elementor-field-textual\" placeholder=\"Email\" required=\"required\">\n\t\t\t\t\t\t\t\t\t\t\t<\/div>\n\t\t\t\t\t\t\t\t<div class=\"elementor-field-type-textarea elementor-field-group elementor-column elementor-field-group-message elementor-col-100\">\n\t\t\t\t\t<textarea class=\"elementor-field-textual elementor-field  elementor-size-md\" name=\"form_fields[message]\" id=\"form-field-message\" rows=\"4\" placeholder=\"Menssagem\"><\/textarea>\t\t\t\t<\/div>\n\t\t\t\t\t\t\t\t<div class=\"elementor-field-group elementor-column elementor-field-type-submit elementor-col-100 e-form__buttons\">\n\t\t\t\t\t<button class=\"elementor-button elementor-size-md\" type=\"submit\">\n\t\t\t\t\t\t<span class=\"elementor-button-content-wrapper\">\n\t\t\t\t\t\t\t\t\t\t\t\t\t\t\t<span class=\"elementor-button-icon\">\n\t\t\t\t\t\t\t\t\t<svg aria-hidden=\"true\" class=\"e-font-icon-svg e-fas-location-arrow\" viewBox=\"0 0 512 512\" xmlns=\"http:\/\/www.w3.org\/2000\/svg\"><path d=\"M444.52 3.52L28.74 195.42c-47.97 22.39-31.98 92.75 19.19 92.75h175.91v175.91c0 51.17 70.36 67.17 92.75 19.19l191.9-415.78c15.99-38.39-25.59-79.97-63.97-63.97z\"><\/path><\/svg>\t\t\t\t\t\t\t\t\t\t\t\t\t\t\t\t\t<\/span>\n\t\t\t\t\t\t\t\t\t\t\t\t\t\t\t\t\t\t\t\t\t\t<span class=\"elementor-button-text\">Enviar<\/span>\n\t\t\t\t\t\t\t\t\t\t\t\t\t<\/span>\n\t\t\t\t\t<\/button>\n\t\t\t\t<\/div>\n\t\t\t<\/div>\n\t\t<\/form>\n\t\t\t\t\t\t<\/div>\n\t\t\t\t<\/div>\n\t\t\t\t<\/div>\n\t\t\t\t<\/div>\n\t\t<div class=\"elementor-element elementor-element-48d58960 e-con-full e-flex e-con e-child\" data-id=\"48d58960\" data-element_type=\"container\" data-e-type=\"container\">\n\t\t<div class=\"elementor-element elementor-element-737ff113 e-con-full e-flex e-con e-child\" data-id=\"737ff113\" data-element_type=\"container\" data-e-type=\"container\">\n\t\t\t\t<div class=\"elementor-element elementor-element-2c5a7abc elementor-position-inline-start elementor-widget__width-initial elementor-view-default elementor-mobile-position-block-start elementor-widget elementor-widget-icon-box\" data-id=\"2c5a7abc\" data-element_type=\"widget\" data-e-type=\"widget\" data-widget_type=\"icon-box.default\">\n\t\t\t\t<div class=\"elementor-widget-container\">\n\t\t\t\t\t\t\t<div class=\"elementor-icon-box-wrapper\">\n\n\t\t\t\t\t\t<div class=\"elementor-icon-box-icon\">\n\t\t\t\t<a href=\"#sac\" class=\"elementor-icon\" tabindex=\"-1\" aria-label=\"SAC\">\n\t\t\t\t<svg aria-hidden=\"true\" class=\"e-font-icon-svg e-fas-headphones-alt\" viewBox=\"0 0 512 512\" xmlns=\"http:\/\/www.w3.org\/2000\/svg\"><path d=\"M160 288h-16c-35.35 0-64 28.7-64 64.12v63.76c0 35.41 28.65 64.12 64 64.12h16c17.67 0 32-14.36 32-32.06V320.06c0-17.71-14.33-32.06-32-32.06zm208 0h-16c-17.67 0-32 14.35-32 32.06v127.88c0 17.7 14.33 32.06 32 32.06h16c35.35 0 64-28.71 64-64.12v-63.76c0-35.41-28.65-64.12-64-64.12zM256 32C112.91 32 4.57 151.13 0 288v112c0 8.84 7.16 16 16 16h16c8.84 0 16-7.16 16-16V288c0-114.67 93.33-207.8 208-207.82 114.67.02 208 93.15 208 207.82v112c0 8.84 7.16 16 16 16h16c8.84 0 16-7.16 16-16V288C507.43 151.13 399.09 32 256 32z\"><\/path><\/svg>\t\t\t\t<\/a>\n\t\t\t<\/div>\n\t\t\t\n\t\t\t\t\t\t<div class=\"elementor-icon-box-content\">\n\n\t\t\t\t\t\t\t\t\t<h3 class=\"elementor-icon-box-title\">\n\t\t\t\t\t\t<a href=\"#sac\" >\n\t\t\t\t\t\t\tSAC\t\t\t\t\t\t<\/a>\n\t\t\t\t\t<\/h3>\n\t\t\t\t\n\t\t\t\t\t\t\t\t\t<p class=\"elementor-icon-box-description\">\n\t\t\t\t\t\tSugest\u00f5es | D\u00favidas | Reclama\u00e7\u00f5es\t\t\t\t\t<\/p>\n\t\t\t\t\n\t\t\t<\/div>\n\t\t\t\n\t\t<\/div>\n\t\t\t\t\t\t<\/div>\n\t\t\t\t<\/div>\n\t\t\t\t<div class=\"elementor-element elementor-element-5b3adfda elementor-widget__width-initial elementor-button-align-stretch elementor-widget elementor-widget-form\" data-id=\"5b3adfda\" data-element_type=\"widget\" data-e-type=\"widget\" data-settings=\"{&quot;step_next_label&quot;:&quot;Next&quot;,&quot;step_previous_label&quot;:&quot;Previous&quot;,&quot;button_width&quot;:&quot;100&quot;,&quot;step_type&quot;:&quot;number_text&quot;,&quot;step_icon_shape&quot;:&quot;circle&quot;}\" data-widget_type=\"form.default\">\n\t\t\t\t<div class=\"elementor-widget-container\">\n\t\t\t\t\t\t\t<form class=\"elementor-form\" method=\"post\" name=\"Form Contato Intercompnet Games\" aria-label=\"Form Contato Intercompnet Games\">\n\t\t\t<input type=\"hidden\" name=\"post_id\" value=\"861\"\/>\n\t\t\t<input type=\"hidden\" name=\"form_id\" value=\"5b3adfda\"\/>\n\t\t\t<input type=\"hidden\" name=\"referer_title\" value=\"Como entrar em contato com a Assist\u00eancia T\u00e9cnica de Informatica\" \/>\n\n\t\t\t\t\t\t\t<input type=\"hidden\" name=\"queried_id\" value=\"861\"\/>\n\t\t\t\n\t\t\t<div class=\"elementor-form-fields-wrapper elementor-labels-above\">\n\t\t\t\t\t\t\t\t<div class=\"elementor-field-type-text elementor-field-group elementor-column elementor-field-group-name elementor-col-100\">\n\t\t\t\t\t\t\t\t\t\t\t\t\t<input size=\"1\" type=\"text\" name=\"form_fields[name]\" id=\"form-field-name\" class=\"elementor-field elementor-size-md  elementor-field-textual\" placeholder=\"Nome\">\n\t\t\t\t\t\t\t\t\t\t\t<\/div>\n\t\t\t\t\t\t\t\t<div class=\"elementor-field-type-email elementor-field-group elementor-column elementor-field-group-email elementor-col-100 elementor-field-required\">\n\t\t\t\t\t\t\t\t\t\t\t\t\t<input size=\"1\" type=\"email\" name=\"form_fields[email]\" id=\"form-field-email\" class=\"elementor-field elementor-size-md  elementor-field-textual\" placeholder=\"Email\" required=\"required\">\n\t\t\t\t\t\t\t\t\t\t\t<\/div>\n\t\t\t\t\t\t\t\t<div class=\"elementor-field-type-textarea elementor-field-group elementor-column elementor-field-group-message elementor-col-100\">\n\t\t\t\t\t<textarea class=\"elementor-field-textual elementor-field  elementor-size-md\" name=\"form_fields[message]\" id=\"form-field-message\" rows=\"4\" placeholder=\"Menssagem\"><\/textarea>\t\t\t\t<\/div>\n\t\t\t\t\t\t\t\t<div class=\"elementor-field-group elementor-column elementor-field-type-submit elementor-col-100 e-form__buttons\">\n\t\t\t\t\t<button class=\"elementor-button elementor-size-md\" type=\"submit\">\n\t\t\t\t\t\t<span class=\"elementor-button-content-wrapper\">\n\t\t\t\t\t\t\t\t\t\t\t\t\t\t\t<span class=\"elementor-button-icon\">\n\t\t\t\t\t\t\t\t\t<svg aria-hidden=\"true\" class=\"e-font-icon-svg e-fas-location-arrow\" viewBox=\"0 0 512 512\" xmlns=\"http:\/\/www.w3.org\/2000\/svg\"><path d=\"M444.52 3.52L28.74 195.42c-47.97 22.39-31.98 92.75 19.19 92.75h175.91v175.91c0 51.17 70.36 67.17 92.75 19.19l191.9-415.78c15.99-38.39-25.59-79.97-63.97-63.97z\"><\/path><\/svg>\t\t\t\t\t\t\t\t\t\t\t\t\t\t\t\t\t<\/span>\n\t\t\t\t\t\t\t\t\t\t\t\t\t\t\t\t\t\t\t\t\t\t<span class=\"elementor-button-text\">Enviar<\/span>\n\t\t\t\t\t\t\t\t\t\t\t\t\t<\/span>\n\t\t\t\t\t<\/button>\n\t\t\t\t<\/div>\n\t\t\t<\/div>\n\t\t<\/form>\n\t\t\t\t\t\t<\/div>\n\t\t\t\t<\/div>\n\t\t\t\t<\/div>\n\t\t\t\t<\/div>\n\t\t\t\t<\/div>\n\t\t\t\t<\/div>\n\t\t","protected":false},"excerpt":{"rendered":"<p>Selecione abaixo a op\u00e7\u00e3o de contato desejada e envie-nos sua mensagem. Temos satisfa\u00e7\u00e3o em atend\u00ea-los. Administra\u00e7\u00e3o Or\u00e7amento | Manuten\u00e7\u00e3o | Financeiro | Recrutamento SAC Sugest\u00f5es | D\u00favidas | Reclama\u00e7\u00f5es<\/p>\n","protected":false},"author":1,"featured_media":0,"parent":0,"menu_order":0,"comment_status":"closed","ping_status":"closed","template":"elementor_header_footer","meta":{"footnotes":""},"class_list":["post-861","page","type-page","status-publish","hentry"],"yoast_head":"<!-- This site is optimized with the Yoast SEO plugin v27.3 - https:\/\/yoast.com\/product\/yoast-seo-wordpress\/ -->\n<title>Como entrar em contato com a Assist\u00eancia T\u00e9cnica de Informatica<\/title>\n<meta name=\"description\" content=\"Contate-nos para maior agilidade no atendimento de assist\u00eancia t\u00e9cnica para o seu Computador. Ligue: \ud83d\udcde (11) 99445-7214\" \/>\n<meta name=\"robots\" content=\"index, follow, max-snippet:-1, max-image-preview:large, max-video-preview:-1\" \/>\n<link rel=\"canonical\" href=\"https:\/\/assistenciatecnicaemsp.com.br\/novointer\/como-entrar-em-contato-com-a-assistencia-tecnica-de-informatica\/\" \/>\n<meta property=\"og:locale\" content=\"pt_BR\" \/>\n<meta property=\"og:type\" content=\"article\" \/>\n<meta property=\"og:title\" content=\"Como entrar em contato com a Assist\u00eancia T\u00e9cnica de Informatica\" \/>\n<meta property=\"og:description\" content=\"Contate-nos para maior agilidade no atendimento de assist\u00eancia t\u00e9cnica para o seu Computador. Ligue: \ud83d\udcde (11) 99445-7214\" \/>\n<meta property=\"og:url\" content=\"https:\/\/assistenciatecnicaemsp.com.br\/novointer\/como-entrar-em-contato-com-a-assistencia-tecnica-de-informatica\/\" \/>\n<meta property=\"og:site_name\" content=\"Assist\u00eancia Tecnica de Equipamentos de Inform\u00e1tica\" \/>\n<meta property=\"article:modified_time\" content=\"2026-03-15T09:42:27+00:00\" \/>\n<meta name=\"twitter:card\" content=\"summary_large_image\" \/>\n<meta name=\"twitter:label1\" content=\"Est. tempo de leitura\" \/>\n\t<meta name=\"twitter:data1\" content=\"1 minuto\" \/>\n<script type=\"application\/ld+json\" class=\"yoast-schema-graph\">{\"@context\":\"https:\\\/\\\/schema.org\",\"@graph\":[{\"@type\":\"WebPage\",\"@id\":\"https:\\\/\\\/assistenciatecnicaemsp.com.br\\\/novointer\\\/como-entrar-em-contato-com-a-assistencia-tecnica-de-informatica\\\/\",\"url\":\"https:\\\/\\\/assistenciatecnicaemsp.com.br\\\/novointer\\\/como-entrar-em-contato-com-a-assistencia-tecnica-de-informatica\\\/\",\"name\":\"Como entrar em contato com a Assist\u00eancia T\u00e9cnica de Informatica\",\"isPartOf\":{\"@id\":\"https:\\\/\\\/assistenciatecnicaemsp.com.br\\\/novointer\\\/#website\"},\"datePublished\":\"2025-06-06T20:12:45+00:00\",\"dateModified\":\"2026-03-15T09:42:27+00:00\",\"description\":\"Contate-nos para maior agilidade no atendimento de assist\u00eancia t\u00e9cnica para o seu Computador. Ligue: \ud83d\udcde (11) 99445-7214\",\"breadcrumb\":{\"@id\":\"https:\\\/\\\/assistenciatecnicaemsp.com.br\\\/novointer\\\/como-entrar-em-contato-com-a-assistencia-tecnica-de-informatica\\\/#breadcrumb\"},\"inLanguage\":\"pt-BR\",\"potentialAction\":[{\"@type\":\"ReadAction\",\"target\":[\"https:\\\/\\\/assistenciatecnicaemsp.com.br\\\/novointer\\\/como-entrar-em-contato-com-a-assistencia-tecnica-de-informatica\\\/\"]}]},{\"@type\":\"BreadcrumbList\",\"@id\":\"https:\\\/\\\/assistenciatecnicaemsp.com.br\\\/novointer\\\/como-entrar-em-contato-com-a-assistencia-tecnica-de-informatica\\\/#breadcrumb\",\"itemListElement\":[{\"@type\":\"ListItem\",\"position\":1,\"name\":\"In\u00edcio\",\"item\":\"https:\\\/\\\/assistenciatecnicaemsp.com.br\\\/novointer\\\/\"},{\"@type\":\"ListItem\",\"position\":2,\"name\":\"Como entrar em contato com a Assist\u00eancia T\u00e9cnica de Informatica\"}]},{\"@type\":\"WebSite\",\"@id\":\"https:\\\/\\\/assistenciatecnicaemsp.com.br\\\/novointer\\\/#website\",\"url\":\"https:\\\/\\\/assistenciatecnicaemsp.com.br\\\/novointer\\\/\",\"name\":\"Assist\u00eancia Tecnica de Equipamentos de Inform\u00e1tica\",\"description\":\"Assist\u00eancia T\u00e9cnica Dell-HP-Lenovo-Epson-Canon-Acer-Garmin em S\u00e3o Paulo\",\"publisher\":{\"@id\":\"https:\\\/\\\/assistenciatecnicaemsp.com.br\\\/novointer\\\/#organization\"},\"potentialAction\":[{\"@type\":\"SearchAction\",\"target\":{\"@type\":\"EntryPoint\",\"urlTemplate\":\"https:\\\/\\\/assistenciatecnicaemsp.com.br\\\/novointer\\\/?s={search_term_string}\"},\"query-input\":{\"@type\":\"PropertyValueSpecification\",\"valueRequired\":true,\"valueName\":\"search_term_string\"}}],\"inLanguage\":\"pt-BR\"},{\"@type\":\"Organization\",\"@id\":\"https:\\\/\\\/assistenciatecnicaemsp.com.br\\\/novointer\\\/#organization\",\"name\":\"Assist\u00eancia Tecnica de Equipamentos de Inform\u00e1tica\",\"url\":\"https:\\\/\\\/assistenciatecnicaemsp.com.br\\\/novointer\\\/\",\"logo\":{\"@type\":\"ImageObject\",\"inLanguage\":\"pt-BR\",\"@id\":\"https:\\\/\\\/assistenciatecnicaemsp.com.br\\\/novointer\\\/#\\\/schema\\\/logo\\\/image\\\/\",\"url\":\"\",\"contentUrl\":\"\",\"caption\":\"Assist\u00eancia Tecnica de Equipamentos de Inform\u00e1tica\"},\"image\":{\"@id\":\"https:\\\/\\\/assistenciatecnicaemsp.com.br\\\/novointer\\\/#\\\/schema\\\/logo\\\/image\\\/\"}}]}<\/script>\n<!-- \/ Yoast SEO plugin. -->","yoast_head_json":{"title":"Como entrar em contato com a Assist\u00eancia T\u00e9cnica de Informatica","description":"Contate-nos para maior agilidade no atendimento de assist\u00eancia t\u00e9cnica para o seu Computador. Ligue: \ud83d\udcde (11) 99445-7214","robots":{"index":"index","follow":"follow","max-snippet":"max-snippet:-1","max-image-preview":"max-image-preview:large","max-video-preview":"max-video-preview:-1"},"canonical":"https:\/\/assistenciatecnicaemsp.com.br\/novointer\/como-entrar-em-contato-com-a-assistencia-tecnica-de-informatica\/","og_locale":"pt_BR","og_type":"article","og_title":"Como entrar em contato com a Assist\u00eancia T\u00e9cnica de Informatica","og_description":"Contate-nos para maior agilidade no atendimento de assist\u00eancia t\u00e9cnica para o seu Computador. Ligue: \ud83d\udcde (11) 99445-7214","og_url":"https:\/\/assistenciatecnicaemsp.com.br\/novointer\/como-entrar-em-contato-com-a-assistencia-tecnica-de-informatica\/","og_site_name":"Assist\u00eancia Tecnica de Equipamentos de Inform\u00e1tica","article_modified_time":"2026-03-15T09:42:27+00:00","twitter_card":"summary_large_image","twitter_misc":{"Est. tempo de leitura":"1 minuto"},"schema":{"@context":"https:\/\/schema.org","@graph":[{"@type":"WebPage","@id":"https:\/\/assistenciatecnicaemsp.com.br\/novointer\/como-entrar-em-contato-com-a-assistencia-tecnica-de-informatica\/","url":"https:\/\/assistenciatecnicaemsp.com.br\/novointer\/como-entrar-em-contato-com-a-assistencia-tecnica-de-informatica\/","name":"Como entrar em contato com a Assist\u00eancia T\u00e9cnica de Informatica","isPartOf":{"@id":"https:\/\/assistenciatecnicaemsp.com.br\/novointer\/#website"},"datePublished":"2025-06-06T20:12:45+00:00","dateModified":"2026-03-15T09:42:27+00:00","description":"Contate-nos para maior agilidade no atendimento de assist\u00eancia t\u00e9cnica para o seu Computador. Ligue: \ud83d\udcde (11) 99445-7214","breadcrumb":{"@id":"https:\/\/assistenciatecnicaemsp.com.br\/novointer\/como-entrar-em-contato-com-a-assistencia-tecnica-de-informatica\/#breadcrumb"},"inLanguage":"pt-BR","potentialAction":[{"@type":"ReadAction","target":["https:\/\/assistenciatecnicaemsp.com.br\/novointer\/como-entrar-em-contato-com-a-assistencia-tecnica-de-informatica\/"]}]},{"@type":"BreadcrumbList","@id":"https:\/\/assistenciatecnicaemsp.com.br\/novointer\/como-entrar-em-contato-com-a-assistencia-tecnica-de-informatica\/#breadcrumb","itemListElement":[{"@type":"ListItem","position":1,"name":"In\u00edcio","item":"https:\/\/assistenciatecnicaemsp.com.br\/novointer\/"},{"@type":"ListItem","position":2,"name":"Como entrar em contato com a Assist\u00eancia T\u00e9cnica de Informatica"}]},{"@type":"WebSite","@id":"https:\/\/assistenciatecnicaemsp.com.br\/novointer\/#website","url":"https:\/\/assistenciatecnicaemsp.com.br\/novointer\/","name":"Assist\u00eancia Tecnica de Equipamentos de Inform\u00e1tica","description":"Assist\u00eancia T\u00e9cnica Dell-HP-Lenovo-Epson-Canon-Acer-Garmin em S\u00e3o Paulo","publisher":{"@id":"https:\/\/assistenciatecnicaemsp.com.br\/novointer\/#organization"},"potentialAction":[{"@type":"SearchAction","target":{"@type":"EntryPoint","urlTemplate":"https:\/\/assistenciatecnicaemsp.com.br\/novointer\/?s={search_term_string}"},"query-input":{"@type":"PropertyValueSpecification","valueRequired":true,"valueName":"search_term_string"}}],"inLanguage":"pt-BR"},{"@type":"Organization","@id":"https:\/\/assistenciatecnicaemsp.com.br\/novointer\/#organization","name":"Assist\u00eancia Tecnica de Equipamentos de Inform\u00e1tica","url":"https:\/\/assistenciatecnicaemsp.com.br\/novointer\/","logo":{"@type":"ImageObject","inLanguage":"pt-BR","@id":"https:\/\/assistenciatecnicaemsp.com.br\/novointer\/#\/schema\/logo\/image\/","url":"","contentUrl":"","caption":"Assist\u00eancia Tecnica de Equipamentos de Inform\u00e1tica"},"image":{"@id":"https:\/\/assistenciatecnicaemsp.com.br\/novointer\/#\/schema\/logo\/image\/"}}]}},"_hostinger_reach_plugin_has_subscription_block":false,"_hostinger_reach_plugin_is_elementor":false,"_links":{"self":[{"href":"https:\/\/assistenciatecnicaemsp.com.br\/novointer\/wp-json\/wp\/v2\/pages\/861","targetHints":{"allow":["GET"]}}],"collection":[{"href":"https:\/\/assistenciatecnicaemsp.com.br\/novointer\/wp-json\/wp\/v2\/pages"}],"about":[{"href":"https:\/\/assistenciatecnicaemsp.com.br\/novointer\/wp-json\/wp\/v2\/types\/page"}],"author":[{"embeddable":true,"href":"https:\/\/assistenciatecnicaemsp.com.br\/novointer\/wp-json\/wp\/v2\/users\/1"}],"replies":[{"embeddable":true,"href":"https:\/\/assistenciatecnicaemsp.com.br\/novointer\/wp-json\/wp\/v2\/comments?post=861"}],"version-history":[{"count":7,"href":"https:\/\/assistenciatecnicaemsp.com.br\/novointer\/wp-json\/wp\/v2\/pages\/861\/revisions"}],"predecessor-version":[{"id":11028,"href":"https:\/\/assistenciatecnicaemsp.com.br\/novointer\/wp-json\/wp\/v2\/pages\/861\/revisions\/11028"}],"wp:attachment":[{"href":"https:\/\/assistenciatecnicaemsp.com.br\/novointer\/wp-json\/wp\/v2\/media?parent=861"}],"curies":[{"name":"wp","href":"https:\/\/api.w.org\/{rel}","templated":true}]}}